{"id":3209,"date":"2024-07-22T13:37:46","date_gmt":"2024-07-22T13:37:46","guid":{"rendered":"https:\/\/bzd.ewi.mybluehost.me\/website_b0da41c5\/?page_id=3209"},"modified":"2025-09-17T18:12:31","modified_gmt":"2025-09-17T18:12:31","slug":"pribatutasun-politika","status":"publish","type":"page","link":"https:\/\/garbitu.net\/es\/pribatutasun-politika","title":{"rendered":"Pol\u00edtica de privacidad"},"content":{"rendered":"<div data-elementor-type=\"wp-page\" data-elementor-id=\"3209\" class=\"elementor elementor-3209\" data-elementor-post-type=\"page\">\n\t\t\t\t<div class=\"elementor-element elementor-element-fd952e7 e-con-full e-flex e-con e-parent\" data-id=\"fd952e7\" data-element_type=\"container\" data-e-type=\"container\" data-settings=\"{&quot;background_background&quot;:&quot;classic&quot;,&quot;shape_divider_bottom&quot;:&quot;waves&quot;}\">\n\t\t\t\t<div class=\"elementor-shape elementor-shape-bottom\" aria-hidden=\"true\" data-negative=\"false\">\n\t\t\t<svg xmlns=\"http:\/\/www.w3.org\/2000\/svg\" viewbox=\"0 0 1000 100\" preserveaspectratio=\"none\">\n\t<path class=\"elementor-shape-fill\" d=\"M421.9,6.5c22.6-2.5,51.5,0.4,75.5,5.3c23.6,4.9,70.9,23.5,100.5,35.7c75.8,32.2,133.7,44.5,192.6,49.7\tc23.6,2.1,48.7,3.5,103.4-2.5c54.7-6,106.2-25.6,106.2-25.6V0H0v30.3c0,0,72,32.6,158.4,30.5c39.2-0.7,92.8-6.7,134-22.4\tc21.2-8.1,52.2-18.2,79.7-24.2C399.3,7.9,411.6,7.5,421.9,6.5z\"\/>\n<\/svg>\t\t<\/div>\n\t\t\t\t<div class=\"elementor-element elementor-element-43ab906 elementor-widget elementor-widget-heading\" data-id=\"43ab906\" data-element_type=\"widget\" data-e-type=\"widget\" data-widget_type=\"heading.default\">\n\t\t\t\t<div class=\"elementor-widget-container\">\n\t\t\t\t\t<h1 class=\"elementor-heading-title elementor-size-default\">Pol\u00edtica de privacidad<\/h1>\t\t\t\t<\/div>\n\t\t\t\t<\/div>\n\t\t\t\t<\/div>\n\t\t<div class=\"elementor-element elementor-element-f69a160 e-flex e-con-boxed e-con e-parent\" data-id=\"f69a160\" data-element_type=\"container\" data-e-type=\"container\" data-settings=\"{&quot;background_background&quot;:&quot;classic&quot;}\">\n\t\t\t\t\t<div class=\"e-con-inner\">\n\t\t\t\t<div class=\"elementor-element elementor-element-e5c0bf4 elementor-widget elementor-widget-text-editor\" data-id=\"e5c0bf4\" data-element_type=\"widget\" data-e-type=\"widget\" data-widget_type=\"text-editor.default\">\n\t\t\t\t<div class=\"elementor-widget-container\">\n\t\t\t\t\t\t\t\t\t<p>Seg\u00fan lo establecido en el RGPD (Reglamento (UE) 2016\/679), les proporcionamos la Informaci\u00f3n Detallada de Protecci\u00f3n de Datos que se expone a continuaci\u00f3n:<\/p>\n\n<h2>Responsable:<\/h2>\n<p>\nRaz\u00f3n Social: XXXX<br>\nC.I.F.: XXXX<br>\nDirecci\u00f3n: XXX<br>\nTel\u00e9fono: XXXX<br>\nCorreo Electr\u00f3nico: XXXX\n<\/p>\n\n<h2>Finalidad:<\/h2>\n<p>Le informamos que los datos de car\u00e1cter personal recogidos, ser\u00e1n incorporados a un fichero bajo nuestra responsabilidad, con la finalidad de gestionar el env\u00edo de la informaci\u00f3n que nos soliciten y as\u00ed facilitar a los interesados ofertas de productos y servicios de su inter\u00e9s. Los datos proporcionados se conservar\u00e1n mientras se mantenga la relaci\u00f3n comercial, durante los a\u00f1os necesarios para cumplir con las obligaciones legales o se solicite su supresi\u00f3n por el interesado.<\/p>\n\n<h2>Legitimaci\u00f3n:<\/h2>\n<p>Los datos de car\u00e1cter personal obtenidos en esta P\u00e1gina Web, as\u00ed como la oferta de productos y servicios ofrecidos, est\u00e1 basada en el consentimiento que se le solicita al interesado.<\/p>\n<p>El interesado tendr\u00e1 derecho a retirar su consentimiento en cualquier momento. La retirada del consentimiento no afectar\u00e1 a la licitud del tratamiento basada en el consentimiento previo a su retirada.<\/p>\n\n<h2>Destinatarios:<\/h2>\n<p>No se ceder\u00e1n datos a terceros, salvo obligaci\u00f3n legal.<\/p>\n\n<h2>Derechos:<\/h2>\n<p>Usted como interesado directo, tiene derecho a obtener confirmaci\u00f3n sobre si en ESTE SITIO WEB estamos tratando datos personales que le conciernen, o no. Usted tiene derecho a acceder a sus datos personales, as\u00ed como a solicitar la rectificaci\u00f3n de los datos inexactos o, en su caso, solicitar su supresi\u00f3n cuando, entre otros motivos, los datos ya no sean necesarios para los fines que fueron recogidos.<\/p>\n\n<p>En determinadas circunstancias, usted podr\u00e1 solicitar la limitaci\u00f3n del tratamiento de sus datos, en cuyo caso \u00fanicamente los conservaremos para el ejercicio o la defensa de reclamaciones.<\/p>\n\n<p>En determinadas circunstancias y por motivos relacionados con su situaci\u00f3n particular, usted podr\u00e1 oponerse al tratamiento de sus datos. ESTE SITIO WEB, dejar\u00e1 de tratar los datos, salvo por motivos leg\u00edtimos imperiosos, o el ejercicio o la defensa de posibles reclamaciones.<\/p>\n\n<p>En determinadas circunstancias, usted tendr\u00e1 derecho a recibir los datos personales que le incumban y que nos haya facilitado, y transmitirlos o solicitar que se losproporcionemos a un tercero sin objeci\u00f3n por nuestra parte (derecho a la portabilidad de datos).<\/p>\n\n<p>En determinadas circunstancias, le informamos que tendr\u00e1 derecho a no ser objeto de una decisi\u00f3n basada \u00fanicamente en el tratamiento automatizado, incluida la elaboraci\u00f3n de perfiles, que produzca efectos jur\u00eddicos sobre usted o le afecte significativamente de modo similar.<\/p>\n\t\t\t\t\t\t\t\t<\/div>\n\t\t\t\t<\/div>\n\t\t\t\t\t<\/div>\n\t\t\t\t<\/div>\n\t\t\t\t<\/div>","protected":false},"excerpt":{"rendered":"<p>DBEOak (Europako Parlamentuaren eta Kontseiluaren 2016\/679 Erregelamendua) ezarritakoaren arabera, jarraian azaltzen den Datuen Babeserako Informazio Zehatza eskaintzen dizuegu: Arduraduna: Sozietate-izena: XXXX IFK: XXXX Helbidea: XXX Telefonoa: XXXX Posta elektronikoa: XXXX Helburua: Jakinarazten dizugu jasotako datu pertsonalak gure erantzukizunpeko fitxategi batean sartuko direla, eskatzen diguzuen informazioa bidaltzea kudeatzeko eta interesdunei intereseko produktuen eta zerbitzuen eskaintzak errazteko. [&hellip;]<\/p>\n","protected":false},"author":6,"featured_media":0,"parent":0,"menu_order":0,"comment_status":"closed","ping_status":"closed","template":"","meta":{"footnotes":""},"class_list":["post-3209","page","type-page","status-publish","hentry","entry"],"yoast_head":"<!-- This site is optimized with the Yoast SEO plugin v27.6 - https:\/\/yoast.com\/product\/yoast-seo-wordpress\/ -->\n<title>Pribatutasun-politika - Garbitu<\/title>\n<meta name=\"robots\" content=\"index, follow, max-snippet:-1, max-image-preview:large, max-video-preview:-1\" \/>\n<link rel=\"canonical\" href=\"https:\/\/garbitu.net\/es\/pribatutasun-politika\/\" \/>\n<meta property=\"og:locale\" content=\"es_ES\" \/>\n<meta property=\"og:type\" content=\"article\" \/>\n<meta property=\"og:title\" content=\"Pribatutasun-politika - Garbitu\" \/>\n<meta property=\"og:description\" content=\"DBEOak (Europako Parlamentuaren eta Kontseiluaren 2016\/679 Erregelamendua) ezarritakoaren arabera, jarraian azaltzen den Datuen Babeserako Informazio Zehatza eskaintzen dizuegu: Arduraduna: Sozietate-izena: XXXX IFK: XXXX Helbidea: XXX Telefonoa: XXXX Posta elektronikoa: XXXX Helburua: Jakinarazten dizugu jasotako datu pertsonalak gure erantzukizunpeko fitxategi batean sartuko direla, eskatzen diguzuen informazioa bidaltzea kudeatzeko eta interesdunei intereseko produktuen eta zerbitzuen eskaintzak errazteko. [&hellip;]\" \/>\n<meta property=\"og:url\" content=\"https:\/\/garbitu.net\/es\/pribatutasun-politika\/\" \/>\n<meta property=\"og:site_name\" content=\"Garbitu\" \/>\n<meta property=\"article:modified_time\" content=\"2025-09-17T18:12:31+00:00\" \/>\n<meta name=\"twitter:card\" content=\"summary_large_image\" \/>\n<meta name=\"twitter:label1\" content=\"Tiempo de lectura\" \/>\n\t<meta name=\"twitter:data1\" content=\"2 minutos\" \/>\n<script type=\"application\/ld+json\" class=\"yoast-schema-graph\">{\"@context\":\"https:\\\/\\\/schema.org\",\"@graph\":[{\"@type\":\"WebPage\",\"@id\":\"https:\\\/\\\/garbitu.net\\\/pribatutasun-politika\",\"url\":\"https:\\\/\\\/garbitu.net\\\/pribatutasun-politika\",\"name\":\"Pribatutasun-politika - Garbitu\",\"isPartOf\":{\"@id\":\"https:\\\/\\\/garbitu.net\\\/#website\"},\"datePublished\":\"2024-07-22T13:37:46+00:00\",\"dateModified\":\"2025-09-17T18:12:31+00:00\",\"breadcrumb\":{\"@id\":\"https:\\\/\\\/garbitu.net\\\/pribatutasun-politika#breadcrumb\"},\"inLanguage\":\"es\",\"potentialAction\":[{\"@type\":\"ReadAction\",\"target\":[\"https:\\\/\\\/garbitu.net\\\/pribatutasun-politika\"]}]},{\"@type\":\"BreadcrumbList\",\"@id\":\"https:\\\/\\\/garbitu.net\\\/pribatutasun-politika#breadcrumb\",\"itemListElement\":[{\"@type\":\"ListItem\",\"position\":1,\"name\":\"Portada\",\"item\":\"https:\\\/\\\/garbitu.net\\\/\"},{\"@type\":\"ListItem\",\"position\":2,\"name\":\"Pribatutasun-politika\"}]},{\"@type\":\"WebSite\",\"@id\":\"https:\\\/\\\/garbitu.net\\\/#website\",\"url\":\"https:\\\/\\\/garbitu.net\\\/\",\"name\":\"Garbitu\",\"description\":\"Garbiketa industrialerako produktuak\",\"publisher\":{\"@id\":\"https:\\\/\\\/garbitu.net\\\/#organization\"},\"potentialAction\":[{\"@type\":\"SearchAction\",\"target\":{\"@type\":\"EntryPoint\",\"urlTemplate\":\"https:\\\/\\\/garbitu.net\\\/?s={search_term_string}\"},\"query-input\":{\"@type\":\"PropertyValueSpecification\",\"valueRequired\":true,\"valueName\":\"search_term_string\"}}],\"inLanguage\":\"es\"},{\"@type\":\"Organization\",\"@id\":\"https:\\\/\\\/garbitu.net\\\/#organization\",\"name\":\"Garbitu\",\"url\":\"https:\\\/\\\/garbitu.net\\\/\",\"logo\":{\"@type\":\"ImageObject\",\"inLanguage\":\"es\",\"@id\":\"https:\\\/\\\/garbitu.net\\\/#\\\/schema\\\/logo\\\/image\\\/\",\"url\":\"https:\\\/\\\/garbitu.net\\\/wp-content\\\/uploads\\\/2024\\\/05\\\/Proyecto-nuevo-1.png\",\"contentUrl\":\"https:\\\/\\\/garbitu.net\\\/wp-content\\\/uploads\\\/2024\\\/05\\\/Proyecto-nuevo-1.png\",\"width\":415,\"height\":352,\"caption\":\"Garbitu\"},\"image\":{\"@id\":\"https:\\\/\\\/garbitu.net\\\/#\\\/schema\\\/logo\\\/image\\\/\"}}]}<\/script>\n<!-- \/ Yoast SEO plugin. -->","yoast_head_json":{"title":"Pribatutasun-politika - Garbitu","robots":{"index":"index","follow":"follow","max-snippet":"max-snippet:-1","max-image-preview":"max-image-preview:large","max-video-preview":"max-video-preview:-1"},"canonical":"https:\/\/garbitu.net\/es\/pribatutasun-politika\/","og_locale":"es_ES","og_type":"article","og_title":"Pribatutasun-politika - Garbitu","og_description":"DBEOak (Europako Parlamentuaren eta Kontseiluaren 2016\/679 Erregelamendua) ezarritakoaren arabera, jarraian azaltzen den Datuen Babeserako Informazio Zehatza eskaintzen dizuegu: Arduraduna: Sozietate-izena: XXXX IFK: XXXX Helbidea: XXX Telefonoa: XXXX Posta elektronikoa: XXXX Helburua: Jakinarazten dizugu jasotako datu pertsonalak gure erantzukizunpeko fitxategi batean sartuko direla, eskatzen diguzuen informazioa bidaltzea kudeatzeko eta interesdunei intereseko produktuen eta zerbitzuen eskaintzak errazteko. [&hellip;]","og_url":"https:\/\/garbitu.net\/es\/pribatutasun-politika\/","og_site_name":"Garbitu","article_modified_time":"2025-09-17T18:12:31+00:00","twitter_card":"summary_large_image","twitter_misc":{"Tiempo de lectura":"2 minutos"},"schema":{"@context":"https:\/\/schema.org","@graph":[{"@type":"WebPage","@id":"https:\/\/garbitu.net\/pribatutasun-politika","url":"https:\/\/garbitu.net\/pribatutasun-politika","name":"Pribatutasun-politika - Garbitu","isPartOf":{"@id":"https:\/\/garbitu.net\/#website"},"datePublished":"2024-07-22T13:37:46+00:00","dateModified":"2025-09-17T18:12:31+00:00","breadcrumb":{"@id":"https:\/\/garbitu.net\/pribatutasun-politika#breadcrumb"},"inLanguage":"es","potentialAction":[{"@type":"ReadAction","target":["https:\/\/garbitu.net\/pribatutasun-politika"]}]},{"@type":"BreadcrumbList","@id":"https:\/\/garbitu.net\/pribatutasun-politika#breadcrumb","itemListElement":[{"@type":"ListItem","position":1,"name":"Portada","item":"https:\/\/garbitu.net\/"},{"@type":"ListItem","position":2,"name":"Pribatutasun-politika"}]},{"@type":"WebSite","@id":"https:\/\/garbitu.net\/#website","url":"https:\/\/garbitu.net\/","name":"Garbitu","description":"PRODUCTOS DE<br>\nLIMPIEZA INDUSTRIAL","publisher":{"@id":"https:\/\/garbitu.net\/#organization"},"potentialAction":[{"@type":"SearchAction","target":{"@type":"EntryPoint","urlTemplate":"https:\/\/garbitu.net\/?s={search_term_string}"},"query-input":{"@type":"PropertyValueSpecification","valueRequired":true,"valueName":"search_term_string"}}],"inLanguage":"es"},{"@type":"Organization","@id":"https:\/\/garbitu.net\/#organization","name":"Garbitu","url":"https:\/\/garbitu.net\/","logo":{"@type":"ImageObject","inLanguage":"es","@id":"https:\/\/garbitu.net\/#\/schema\/logo\/image\/","url":"https:\/\/garbitu.net\/wp-content\/uploads\/2024\/05\/Proyecto-nuevo-1.png","contentUrl":"https:\/\/garbitu.net\/wp-content\/uploads\/2024\/05\/Proyecto-nuevo-1.png","width":415,"height":352,"caption":"Garbitu"},"image":{"@id":"https:\/\/garbitu.net\/#\/schema\/logo\/image\/"}}]}},"_links":{"self":[{"href":"https:\/\/garbitu.net\/es\/wp-json\/wp\/v2\/pages\/3209","targetHints":{"allow":["GET"]}}],"collection":[{"href":"https:\/\/garbitu.net\/es\/wp-json\/wp\/v2\/pages"}],"about":[{"href":"https:\/\/garbitu.net\/es\/wp-json\/wp\/v2\/types\/page"}],"author":[{"embeddable":true,"href":"https:\/\/garbitu.net\/es\/wp-json\/wp\/v2\/users\/6"}],"replies":[{"embeddable":true,"href":"https:\/\/garbitu.net\/es\/wp-json\/wp\/v2\/comments?post=3209"}],"version-history":[{"count":8,"href":"https:\/\/garbitu.net\/es\/wp-json\/wp\/v2\/pages\/3209\/revisions"}],"predecessor-version":[{"id":3921,"href":"https:\/\/garbitu.net\/es\/wp-json\/wp\/v2\/pages\/3209\/revisions\/3921"}],"wp:attachment":[{"href":"https:\/\/garbitu.net\/es\/wp-json\/wp\/v2\/media?parent=3209"}],"curies":[{"name":"wp","href":"https:\/\/api.w.org\/{rel}","templated":true}]}}