{"id":3213,"date":"2024-07-22T13:38:54","date_gmt":"2024-07-22T13:38:54","guid":{"rendered":"https:\/\/bzd.ewi.mybluehost.me\/website_b0da41c5\/?page_id=3213"},"modified":"2025-09-17T18:06:35","modified_gmt":"2025-09-17T18:06:35","slug":"lege-oharra","status":"publish","type":"page","link":"https:\/\/garbitu.net\/es\/lege-oharra","title":{"rendered":"Aviso legal"},"content":{"rendered":"<div data-elementor-type=\"wp-page\" data-elementor-id=\"3213\" class=\"elementor elementor-3213\" data-elementor-post-type=\"page\">\n\t\t\t\t<div class=\"elementor-element elementor-element-3532107 e-con-full e-flex e-con e-parent\" data-id=\"3532107\" data-element_type=\"container\" data-e-type=\"container\" data-settings=\"{&quot;background_background&quot;:&quot;classic&quot;,&quot;shape_divider_bottom&quot;:&quot;waves&quot;}\">\n\t\t\t\t<div class=\"elementor-shape elementor-shape-bottom\" aria-hidden=\"true\" data-negative=\"false\">\n\t\t\t<svg xmlns=\"http:\/\/www.w3.org\/2000\/svg\" viewbox=\"0 0 1000 100\" preserveaspectratio=\"none\">\n\t<path class=\"elementor-shape-fill\" d=\"M421.9,6.5c22.6-2.5,51.5,0.4,75.5,5.3c23.6,4.9,70.9,23.5,100.5,35.7c75.8,32.2,133.7,44.5,192.6,49.7\tc23.6,2.1,48.7,3.5,103.4-2.5c54.7-6,106.2-25.6,106.2-25.6V0H0v30.3c0,0,72,32.6,158.4,30.5c39.2-0.7,92.8-6.7,134-22.4\tc21.2-8.1,52.2-18.2,79.7-24.2C399.3,7.9,411.6,7.5,421.9,6.5z\"\/>\n<\/svg>\t\t<\/div>\n\t\t\t\t<div class=\"elementor-element elementor-element-e9a7f5f elementor-widget elementor-widget-heading\" data-id=\"e9a7f5f\" data-element_type=\"widget\" data-e-type=\"widget\" data-widget_type=\"heading.default\">\n\t\t\t\t<div class=\"elementor-widget-container\">\n\t\t\t\t\t<h1 class=\"elementor-heading-title elementor-size-default\">Aviso legal<\/h1>\t\t\t\t<\/div>\n\t\t\t\t<\/div>\n\t\t\t\t<\/div>\n\t\t<div class=\"elementor-element elementor-element-b4467c4 e-flex e-con-boxed e-con e-parent\" data-id=\"b4467c4\" data-element_type=\"container\" data-e-type=\"container\" data-settings=\"{&quot;background_background&quot;:&quot;classic&quot;}\">\n\t\t\t\t\t<div class=\"e-con-inner\">\n\t\t\t\t<div class=\"elementor-element elementor-element-2c78dc9 elementor-widget elementor-widget-text-editor\" data-id=\"2c78dc9\" data-element_type=\"widget\" data-e-type=\"widget\" data-widget_type=\"text-editor.default\">\n\t\t\t\t<div class=\"elementor-widget-container\">\n\t\t\t\t\t\t\t\t\t<h2>1. IDENTIDAD DEL TITULAR DE LA PRESENTE WEB.<\/h2>\n<p>En cumplimiento de la Ley 34\/2002, de 11 de julio, de Servicios de la Sociedad de la Informaci\u00f3n y de Comercio Electr\u00f3nico, le informamos que el titular de ESTE SITIO WEB es ESTA EMPRESA.<\/p>\n\n<h2>2. CONDICIONES GENERALES DE USO DE ESTE SITIO WEB.<\/h2>\n<p>El acceso a esta p\u00e1gina web le atribuye la condici\u00f3n de \u201cUsuario\u201d, implicando su aceptaci\u00f3n expresa y sin reservas de las condiciones generales que est\u00e9n publicadas en ESTE SITIO WEB en el momento en que acceda a la web. Por lo tanto, el Usuario deber\u00e1 leer las presentes condiciones generales de uso, en cada una de las ocasiones en que se proponga acceder y en su caso utilizar los servicios prestados a trav\u00e9s de esta web, ya que \u00e9stas pueden sufrir modificaciones.<\/p>\n\n<h3>2.1 Objeto y \u00e1mbito de aplicaci\u00f3n.<\/h3>\n<p>Las presentes condiciones generales de uso, regulan el acceso, navegaci\u00f3n y uso de ESTE SITIO WEB as\u00ed como las responsabilidades derivadas de la utilizaci\u00f3n de sus contenidos, tales como los textos, gr\u00e1ficos, dibujos, dise\u00f1os, c\u00f3digos, software, fotograf\u00edas, m\u00fasica, v\u00eddeos, sonidos, bases de datos, im\u00e1genes, expresiones e informaciones, as\u00ed como cualquier otra creaci\u00f3n protegida por las leyes nacionales y los tratados internacionales sobre propiedad intelectual e industrial.<\/p>\n\n<h3>2.2. Condiciones, acceso y utilizaci\u00f3n de los servicios.<\/h3>\n<p>En todo momento, el Usuario debe realizar un uso l\u00edcito de los servicios de la presente web, de acuerdo con las presentes condiciones generales, as\u00ed como las pr\u00e1cticas generalmente aceptadas en Internet.<\/p>\n<p>El Usuario garantiza que toda la informaci\u00f3n aportada a trav\u00e9s de los formularios incluidos en esta web es l\u00edcita, real, exacta, veraz y actualizada. Ser\u00e1 exclusiva responsabilidad del Usuario la comunicaci\u00f3n inmediata a ESTE SITIO WEB de cualquier modificaci\u00f3n que pueda darse en la informaci\u00f3n suministrada.<\/p>\n<p>El Usuario se abstendr\u00e1 de: introducir virus, programas, macros o cualquier secuencia de caracteres con la finalidad de da\u00f1ar o alterar los sistemas inform\u00e1ticos de esta web; obstaculizar el acceso de otros usuarios mediante el consumo masivo de recursos; captar datos incluidos en esta web con finalidad publicitaria; reproducir, copiar, distribuir, transformar o poner a disposici\u00f3n de terceros los contenidos incluidos en esta web; realizar acciones a trav\u00e9s de los servicios incluidos es esta web que puedan lesionar la propiedad intelectual, derechos al honor, a la imagen y la intimidad personal de terceros; realizar acciones de competencia desleal y publicidad il\u00edcita.<\/p>\n\n<h2>3. DERECHOS DE PROPIEDAD INTELECTUAL E INDUSTRIAL.<\/h2>\n<p>ESTA EMPRESA es titular de los derechos de propiedad intelectual e industrial de todos los elementos que integran ESTE SITIO WEB , incluyendo la marca, nombre comercial o signo distintivo.<\/p>\n<p>En particular y a t\u00edtulo no limitativo, est\u00e1n protegidos por los derechos de autor, el dise\u00f1o gr\u00e1fico, c\u00f3digo fuente, logos, textos, gr\u00e1ficos, ilustraciones, fotograf\u00edas, sonidos y dem\u00e1s elementos contenidos en sitio web.<\/p>\n<p>En ning\u00fan caso el acceso o navegaci\u00f3n en ESTE SITIO WEB implica renuncia, transmisi\u00f3n o licencia total o parcial de ESTA EMPRESA para uso personal al Usuario sobre sus derechos de propiedad intelectual e industrial.<\/p>\n<p>Por ello, el Usuario reconoce que la reproducci\u00f3n, copiado, distribuci\u00f3n, comercializaci\u00f3n, transformaci\u00f3n, reutilizaci\u00f3n, comunicaci\u00f3n p\u00fablica y en general, cualquier otra forma de explotaci\u00f3n, por cualquier procedimiento, de todo o parte de los contenidos de ESTE SITIO WEB sin autorizaci\u00f3n expresa y por escrito de ESTA EMPRESA constituye una infracci\u00f3n de sus derechos de propiedad intelectual y\/o industrial.<\/p>\n\n<h2>4. R\u00c9GIMEN DE RESPONSABILIDAD Y GARANT\u00cdAS.<\/h2>\n<p>ESTA EMPRESA declara que ha adoptado las medidas tanto t\u00e9cnicas como organizativas, que, dentro de sus posibilidades y el estado de la tecnolog\u00eda, permitan el correcto funcionamiento de la web, as\u00ed como la ausencia de virus y componentes da\u00f1inos, sin embargo, no puede hacerse responsable de:<\/p>\n<p>\n- La continuidad y disponibilidad de los contenidos y servicios recogidos en ESTE SITIO WEB<br>\n- La ausencia de errores en dichos contenidos ni la correcci\u00f3n de cualquier defecto que pudiera ocurrir.<br>\n- La ausencia de virus y\/o dem\u00e1s componentes da\u00f1inos en ESTE SITIO WEB<br>\n- La inexpugnabilidad de las medidas de seguridad que se han adoptado.<br>\n- Los da\u00f1os o perjuicios que cause cualquier persona que vulnere los sistemas de seguridad de ESTE SITIO WEB\n<\/p>\n<p>El Usuario ser\u00e1 el \u00fanico responsable ante terceros, de cualquier comunicaci\u00f3n enviada personalmente o a su nombre a ESTE SITIO WEB as\u00ed como del uso ileg\u00edtimo de los contenidos y servicios contenidos en esta web.<\/p>\n<p>ESTA EMPRESA se reserva el derecho a suspender temporalmente y sin previo aviso, la accesibilidad a ESTE SITIO WEB con motivo de operaciones de mantenimiento, reparaci\u00f3n, actualizaci\u00f3n o mejora. Siempre que las circunstancias lo permitan ESTA EMPRESA publicar\u00e1 en su web, con antelaci\u00f3n suficiente, un aviso indicando la fecha prevista para la suspensi\u00f3n de los servicios.<\/p>\n<p>Los enlaces a otras p\u00e1ginas web que en su caso existan en ESTE SITIO WEB pueden llevarle a sitios web de los que ESTA EMPRESA no asume ninguna responsabilidad, ya que no tiene ning\u00fan tipo de control sobre los mismos, siendo su finalidad, informar al Usuario de otras fuentes de informaci\u00f3n, por lo que el Usuario accede bajo su exclusiva responsabilidad al contenido y en las condiciones de uso que rijan en los mismos.<\/p>\n<p>ESTA EMPRESA no se responsabiliza del uso que los Usuarios puedan hacer de los contenidos y servicios incluidos en su web. En consecuencia, no garantiza que el uso que los Usuarios puedan hacer de los contenidos y servicios referidos, se ajusten a las presentes condiciones generales de uso, ni que lo hagan de forma diligente.<\/p>\n\n<h2>5. DURACI\u00d3N Y MODIFICACI\u00d3N.<\/h2>\n<p>ESTA EMPRESA se reserva el derecho a modificar, total o parcialmente, las presentes condiciones generales de acceso publicando los cambios en ESTE SITIO WEB. Asimismo podr\u00e1 efectuar sin previo aviso las modificaciones que considere oportunas en el sitio web, pudiendo cambiar, suprimir o a\u00f1adir tanto los contenidos y servicios que presta, como la forma en la que \u00e9stos aparezcan presentados o localizados. En consecuencia, se entender\u00e1n como vigentes, las condiciones generales que est\u00e9n publicadas en el momento en el que el Usuario acceda a ESTE SITIO WEB por lo que el Usuario deber\u00e1 leer peri\u00f3dicamente dichas condiciones de uso.<\/p>\n<p>Con independencia de lo dispuesto en las condiciones particulares, ESTA EMPRESA podr\u00e1 dar por terminado, suspender o interrumpir, en cualquier momento sin necesidad de preaviso, el acceso a los contenidos de la p\u00e1gina, sin posibilidad por parte del Usuario de exigir indemnizaci\u00f3n alguna.<\/p>\n\n<h2>6. LEGISLACI\u00d3N APLICABLE Y COMPETENCIA JURISDICCIONAL.<\/h2>\n<p>Las relaciones establecidas entre ESTA EMPRESA y el Usuario se regir\u00e1n por lo dispuesto en la normativa vigente acerca de la legislaci\u00f3n aplicable y la jurisdicci\u00f3n competente. No obstante, para los casos en los que la normativa prevea la posibilidad a las partes de someterse a un fuero, ESTA EMPRESA y el Usuario, con renuncia expresa a cualquier otro fuero que pudiera corresponderles, se someten a los Juzgados y Tribunales de la ciudad de Valencia.<\/p>\n\t\t\t\t\t\t\t\t<\/div>\n\t\t\t\t<\/div>\n\t\t\t\t\t<\/div>\n\t\t\t\t<\/div>\n\t\t\t\t<\/div>","protected":false},"excerpt":{"rendered":"<p>1. WEBGUNE HONEN JABEAREN IDENTITATEA Informazioaren Gizartearen Zerbitzuei eta Merkataritza Elektronikoari buruzko uztailaren 11ko 34\/2002 Legea betez, jakinarazten dizugu WEBGUNE HONEN jabea ENPRESA HAU dela. 2. WEBGUNE HONEN ERABILERA-BALDINTZA OROKORRAK Webgune honetara sartzeak \u201cErabiltzaile\u201d izaera ematen dizu, eta horrek esan nahi du espresuki eta erreserbarik gabe onartzen dituzula WEBGUNE HONETAN argitaratutako erabilera-baldintza orokorrak, webgunera sartzen [&hellip;]<\/p>\n","protected":false},"author":6,"featured_media":0,"parent":0,"menu_order":0,"comment_status":"closed","ping_status":"closed","template":"elementor_header_footer","meta":{"footnotes":""},"class_list":["post-3213","page","type-page","status-publish","hentry","entry"],"yoast_head":"<!-- This site is optimized with the Yoast SEO plugin v27.6 - https:\/\/yoast.com\/product\/yoast-seo-wordpress\/ -->\n<title>Lege-oharra - Garbitu<\/title>\n<meta name=\"robots\" content=\"index, follow, max-snippet:-1, max-image-preview:large, max-video-preview:-1\" \/>\n<link rel=\"canonical\" href=\"https:\/\/garbitu.net\/es\/lege-oharra\/\" \/>\n<meta property=\"og:locale\" content=\"es_ES\" \/>\n<meta property=\"og:type\" content=\"article\" \/>\n<meta property=\"og:title\" content=\"Lege-oharra - Garbitu\" \/>\n<meta property=\"og:description\" content=\"1. WEBGUNE HONEN JABEAREN IDENTITATEA Informazioaren Gizartearen Zerbitzuei eta Merkataritza Elektronikoari buruzko uztailaren 11ko 34\/2002 Legea betez, jakinarazten dizugu WEBGUNE HONEN jabea ENPRESA HAU dela. 2. WEBGUNE HONEN ERABILERA-BALDINTZA OROKORRAK Webgune honetara sartzeak \u201cErabiltzaile\u201d izaera ematen dizu, eta horrek esan nahi du espresuki eta erreserbarik gabe onartzen dituzula WEBGUNE HONETAN argitaratutako erabilera-baldintza orokorrak, webgunera sartzen [&hellip;]\" \/>\n<meta property=\"og:url\" content=\"https:\/\/garbitu.net\/es\/lege-oharra\/\" \/>\n<meta property=\"og:site_name\" content=\"Garbitu\" \/>\n<meta property=\"article:modified_time\" content=\"2025-09-17T18:06:35+00:00\" \/>\n<meta name=\"twitter:card\" content=\"summary_large_image\" \/>\n<meta name=\"twitter:label1\" content=\"Tiempo de lectura\" \/>\n\t<meta name=\"twitter:data1\" content=\"4 minutos\" \/>\n<script type=\"application\/ld+json\" class=\"yoast-schema-graph\">{\"@context\":\"https:\\\/\\\/schema.org\",\"@graph\":[{\"@type\":\"WebPage\",\"@id\":\"https:\\\/\\\/garbitu.net\\\/lege-oharra\",\"url\":\"https:\\\/\\\/garbitu.net\\\/lege-oharra\",\"name\":\"Lege-oharra - Garbitu\",\"isPartOf\":{\"@id\":\"https:\\\/\\\/garbitu.net\\\/#website\"},\"datePublished\":\"2024-07-22T13:38:54+00:00\",\"dateModified\":\"2025-09-17T18:06:35+00:00\",\"breadcrumb\":{\"@id\":\"https:\\\/\\\/garbitu.net\\\/lege-oharra#breadcrumb\"},\"inLanguage\":\"es\",\"potentialAction\":[{\"@type\":\"ReadAction\",\"target\":[\"https:\\\/\\\/garbitu.net\\\/lege-oharra\"]}]},{\"@type\":\"BreadcrumbList\",\"@id\":\"https:\\\/\\\/garbitu.net\\\/lege-oharra#breadcrumb\",\"itemListElement\":[{\"@type\":\"ListItem\",\"position\":1,\"name\":\"Portada\",\"item\":\"https:\\\/\\\/garbitu.net\\\/\"},{\"@type\":\"ListItem\",\"position\":2,\"name\":\"Lege-oharra\"}]},{\"@type\":\"WebSite\",\"@id\":\"https:\\\/\\\/garbitu.net\\\/#website\",\"url\":\"https:\\\/\\\/garbitu.net\\\/\",\"name\":\"Garbitu\",\"description\":\"Garbiketa industrialerako produktuak\",\"publisher\":{\"@id\":\"https:\\\/\\\/garbitu.net\\\/#organization\"},\"potentialAction\":[{\"@type\":\"SearchAction\",\"target\":{\"@type\":\"EntryPoint\",\"urlTemplate\":\"https:\\\/\\\/garbitu.net\\\/?s={search_term_string}\"},\"query-input\":{\"@type\":\"PropertyValueSpecification\",\"valueRequired\":true,\"valueName\":\"search_term_string\"}}],\"inLanguage\":\"es\"},{\"@type\":\"Organization\",\"@id\":\"https:\\\/\\\/garbitu.net\\\/#organization\",\"name\":\"Garbitu\",\"url\":\"https:\\\/\\\/garbitu.net\\\/\",\"logo\":{\"@type\":\"ImageObject\",\"inLanguage\":\"es\",\"@id\":\"https:\\\/\\\/garbitu.net\\\/#\\\/schema\\\/logo\\\/image\\\/\",\"url\":\"https:\\\/\\\/garbitu.net\\\/wp-content\\\/uploads\\\/2024\\\/05\\\/Proyecto-nuevo-1.png\",\"contentUrl\":\"https:\\\/\\\/garbitu.net\\\/wp-content\\\/uploads\\\/2024\\\/05\\\/Proyecto-nuevo-1.png\",\"width\":415,\"height\":352,\"caption\":\"Garbitu\"},\"image\":{\"@id\":\"https:\\\/\\\/garbitu.net\\\/#\\\/schema\\\/logo\\\/image\\\/\"}}]}<\/script>\n<!-- \/ Yoast SEO plugin. -->","yoast_head_json":{"title":"Lege-oharra - Garbitu","robots":{"index":"index","follow":"follow","max-snippet":"max-snippet:-1","max-image-preview":"max-image-preview:large","max-video-preview":"max-video-preview:-1"},"canonical":"https:\/\/garbitu.net\/es\/lege-oharra\/","og_locale":"es_ES","og_type":"article","og_title":"Lege-oharra - Garbitu","og_description":"1. WEBGUNE HONEN JABEAREN IDENTITATEA Informazioaren Gizartearen Zerbitzuei eta Merkataritza Elektronikoari buruzko uztailaren 11ko 34\/2002 Legea betez, jakinarazten dizugu WEBGUNE HONEN jabea ENPRESA HAU dela. 2. WEBGUNE HONEN ERABILERA-BALDINTZA OROKORRAK Webgune honetara sartzeak \u201cErabiltzaile\u201d izaera ematen dizu, eta horrek esan nahi du espresuki eta erreserbarik gabe onartzen dituzula WEBGUNE HONETAN argitaratutako erabilera-baldintza orokorrak, webgunera sartzen [&hellip;]","og_url":"https:\/\/garbitu.net\/es\/lege-oharra\/","og_site_name":"Garbitu","article_modified_time":"2025-09-17T18:06:35+00:00","twitter_card":"summary_large_image","twitter_misc":{"Tiempo de lectura":"4 minutos"},"schema":{"@context":"https:\/\/schema.org","@graph":[{"@type":"WebPage","@id":"https:\/\/garbitu.net\/lege-oharra","url":"https:\/\/garbitu.net\/lege-oharra","name":"Lege-oharra - Garbitu","isPartOf":{"@id":"https:\/\/garbitu.net\/#website"},"datePublished":"2024-07-22T13:38:54+00:00","dateModified":"2025-09-17T18:06:35+00:00","breadcrumb":{"@id":"https:\/\/garbitu.net\/lege-oharra#breadcrumb"},"inLanguage":"es","potentialAction":[{"@type":"ReadAction","target":["https:\/\/garbitu.net\/lege-oharra"]}]},{"@type":"BreadcrumbList","@id":"https:\/\/garbitu.net\/lege-oharra#breadcrumb","itemListElement":[{"@type":"ListItem","position":1,"name":"Portada","item":"https:\/\/garbitu.net\/"},{"@type":"ListItem","position":2,"name":"Lege-oharra"}]},{"@type":"WebSite","@id":"https:\/\/garbitu.net\/#website","url":"https:\/\/garbitu.net\/","name":"Garbitu","description":"PRODUCTOS DE<br>\nLIMPIEZA INDUSTRIAL","publisher":{"@id":"https:\/\/garbitu.net\/#organization"},"potentialAction":[{"@type":"SearchAction","target":{"@type":"EntryPoint","urlTemplate":"https:\/\/garbitu.net\/?s={search_term_string}"},"query-input":{"@type":"PropertyValueSpecification","valueRequired":true,"valueName":"search_term_string"}}],"inLanguage":"es"},{"@type":"Organization","@id":"https:\/\/garbitu.net\/#organization","name":"Garbitu","url":"https:\/\/garbitu.net\/","logo":{"@type":"ImageObject","inLanguage":"es","@id":"https:\/\/garbitu.net\/#\/schema\/logo\/image\/","url":"https:\/\/garbitu.net\/wp-content\/uploads\/2024\/05\/Proyecto-nuevo-1.png","contentUrl":"https:\/\/garbitu.net\/wp-content\/uploads\/2024\/05\/Proyecto-nuevo-1.png","width":415,"height":352,"caption":"Garbitu"},"image":{"@id":"https:\/\/garbitu.net\/#\/schema\/logo\/image\/"}}]}},"_links":{"self":[{"href":"https:\/\/garbitu.net\/es\/wp-json\/wp\/v2\/pages\/3213","targetHints":{"allow":["GET"]}}],"collection":[{"href":"https:\/\/garbitu.net\/es\/wp-json\/wp\/v2\/pages"}],"about":[{"href":"https:\/\/garbitu.net\/es\/wp-json\/wp\/v2\/types\/page"}],"author":[{"embeddable":true,"href":"https:\/\/garbitu.net\/es\/wp-json\/wp\/v2\/users\/6"}],"replies":[{"embeddable":true,"href":"https:\/\/garbitu.net\/es\/wp-json\/wp\/v2\/comments?post=3213"}],"version-history":[{"count":14,"href":"https:\/\/garbitu.net\/es\/wp-json\/wp\/v2\/pages\/3213\/revisions"}],"predecessor-version":[{"id":3915,"href":"https:\/\/garbitu.net\/es\/wp-json\/wp\/v2\/pages\/3213\/revisions\/3915"}],"wp:attachment":[{"href":"https:\/\/garbitu.net\/es\/wp-json\/wp\/v2\/media?parent=3213"}],"curies":[{"name":"wp","href":"https:\/\/api.w.org\/{rel}","templated":true}]}}